{"id":37,"date":"2014-08-06T16:49:21","date_gmt":"2014-08-06T14:49:21","guid":{"rendered":"http:\/\/dgsa-academy.sk\/?page_id=37"},"modified":"2023-03-30T15:07:17","modified_gmt":"2023-03-30T13:07:17","slug":"kontakt","status":"publish","type":"page","link":"https:\/\/service.dgsa-group.com\/en\/contact\/","title":{"rendered":"Contact"},"content":{"rendered":"<section class=\"wpb-content-wrapper\"><p>[vc_row][vc_column]<section class=\"shortcode-action-box table shortcode-action-bg block-style-widget\"><div class=\"text-big\"><h3>If you have any questions or requests for us, please do not hesitate to contact us on our phone number: +421 917 31 32 33<\/h3>\n<\/div><\/section>[\/vc_column][\/vc_row][vc_row][vc_column][vc_empty_space height=&#8221;25px&#8221;][vc_gmaps link=&#8221;#E-8_JTNDaWZyYW1lJTIwc3JjJTNEJTIyaHR0cHMlM0ElMkYlMkZ3d3cuZ29vZ2xlLmNvbSUyRm1hcHMlMkZkJTJGZW1iZWQlM0ZtaWQlM0QxcWZJS1JyOGNmSEdGM2JQaWttSk1mWUtWTDZqaXJsMFIlMjIlMjB3aWR0aCUzRCUyMjEwMCUyNSUyMiUyMGhlaWdodCUzRCUyMjM1MCUyMiUzRSUzQyUyRmlmcmFtZSUzRQ==&#8221;][vc_empty_space height=&#8221;25px&#8221;][\/vc_column][\/vc_row][vc_row][vc_column]<section class=\"shortcode-action-box table shortcode-action-bg block-style-widget\"><div class=\"text-big\"><h3>Write us<\/h3>\n<\/div><\/section>\n                <div class='gf_browser_gecko gform_wrapper gform_legacy_markup_wrapper gform-theme--no-framework' data-form-theme='legacy' data-form-index='0' id='gform_wrapper_6' ><div id='gf_6' class='gform_anchor' tabindex='-1'><\/div><form method='post' enctype='multipart\/form-data' target='gform_ajax_frame_6' id='gform_6'  action=\"\/en\/wp-json\/wp\/v2\/pages\/37#gf_6\" data-formid='6' >\n                        <div class='gform-body gform_body'><ul id='gform_fields_6' class='gform_fields top_label form_sublabel_below description_above'><li id=\"field_6_4\"  class=\"gfield gfield--type-text gf_left_third gfield_contains_required field_sublabel_below gfield--no-description field_description_above gfield_visibility_visible\"  data-js-reload=\"field_6_4\"><label class='gfield_label gform-field-label' for='input_6_4' >Your name<span class=\"gfield_required\"><span class=\"gfield_required gfield_required_asterisk\">*<\/span><\/span><\/label><div class='ginput_container ginput_container_text'><input name='input_4' id='input_6_4' type='text' value='' class='medium'     aria-required=\"true\" aria-invalid=\"false\"   \/> <\/div><\/li><li id=\"field_6_5\"  class=\"gfield gfield--type-text gf_middle_third field_sublabel_below gfield--no-description field_description_above gfield_visibility_visible\"  data-js-reload=\"field_6_5\"><label class='gfield_label gform-field-label' for='input_6_5' >Phone<\/label><div class='ginput_container ginput_container_text'><input name='input_5' id='input_6_5' type='text' value='' class='medium'      aria-invalid=\"false\"   \/> <\/div><\/li><li id=\"field_6_7\"  class=\"gfield gfield--type-email gf_right_third gfield_contains_required field_sublabel_below gfield--no-description field_description_above gfield_visibility_visible\"  data-js-reload=\"field_6_7\"><label class='gfield_label gform-field-label' for='input_6_7' >e-mail<span class=\"gfield_required\"><span class=\"gfield_required gfield_required_asterisk\">*<\/span><\/span><\/label><div class='ginput_container ginput_container_email'>\n                            <input name='input_7' id='input_6_7' type='text' value='' class='medium'    aria-required=\"true\" aria-invalid=\"false\"  \/>\n                        <\/div><\/li><li id=\"field_6_15\"  class=\"gfield gfield--type-textarea gfield_contains_required field_sublabel_below gfield--no-description field_description_above gfield_visibility_visible\"  data-js-reload=\"field_6_15\"><label class='gfield_label gform-field-label' for='input_6_15' >Your message<span class=\"gfield_required\"><span class=\"gfield_required gfield_required_asterisk\">*<\/span><\/span><\/label><div class='ginput_container ginput_container_textarea'><textarea name='input_15' id='input_6_15' class='textarea small'     aria-required=\"true\" aria-invalid=\"false\"   rows='10' cols='50'><\/textarea><\/div><\/li><li id=\"field_6_18\"  class=\"gfield gfield--type-checkbox gfield--type-choice gfield_contains_required field_sublabel_below gfield--has-description field_description_above gfield_visibility_visible\"  data-js-reload=\"field_6_18\"><label class='gfield_label gform-field-label gfield_label_before_complex'  >Privacy policy<span class=\"gfield_required\"><span class=\"gfield_required gfield_required_asterisk\">*<\/span><\/span><\/label><div class='gfield_description' id='gfield_description_6_18'>I got acquainted with GDPR <a href=\"\/download\/DGSA-Consulting-GDPR.pdf\" target=\"_blank\">Privacy policy<\/a> - GDPR<\/div><div class='ginput_container ginput_container_checkbox'><ul class='gfield_checkbox' id='input_6_18'><li class='gchoice gchoice_6_18_1'>\n\t\t\t\t\t\t\t\t<input class='gfield-choice-input' name='input_18.1' type='checkbox'  value='I agree'  id='choice_6_18_1'   aria-describedby=\"gfield_description_6_18\"\/>\n\t\t\t\t\t\t\t\t<label for='choice_6_18_1' id='label_6_18_1' class='gform-field-label gform-field-label--type-inline'>I agree<\/label>\n\t\t\t\t\t\t\t<\/li><\/ul><\/div><\/li><li id=\"field_6_19\"  class=\"gfield gfield--type-captcha field_sublabel_below gfield--no-description field_description_above gfield_visibility_visible\"  data-js-reload=\"field_6_19\"><label class='gfield_label gform-field-label' for='input_6_19' >Please retype the verification code<\/label><div class='gfield_captcha_container'><img class='gfield_captcha' src='https:\/\/service.dgsa-group.com\/wp-content\/uploads\/gravity_forms\/0-073be5fd4488f937bb3f98b8e8b9c921\/727658183.png' alt='' width='150' height='42' \/><div class='gfield_captcha_input_container simple_captcha_medium'><input type='text' autocomplete='off' name='input_19' id='input_6_19' \/><input type='hidden' name='input_captcha_prefix_19' value='727658183' \/><\/div><\/div><\/li><\/ul><\/div>\n        <div class='gform_footer top_label'> <input type='submit' id='gform_submit_button_6' class='gform_button button' value='Send'  onclick='if(window[\"gf_submitting_6\"]){return false;}  window[\"gf_submitting_6\"]=true;  ' onkeypress='if( event.keyCode == 13 ){ if(window[\"gf_submitting_6\"]){return false;} window[\"gf_submitting_6\"]=true;  jQuery(\"#gform_6\").trigger(\"submit\",[true]); }' \/> <input type='hidden' name='gform_ajax' value='form_id=6&amp;title=&amp;description=&amp;tabindex=0' \/>\n            <input type='hidden' class='gform_hidden' name='is_submit_6' value='1' \/>\n            <input type='hidden' class='gform_hidden' name='gform_submit' value='6' \/>\n            \n            <input type='hidden' class='gform_hidden' name='gform_unique_id' value='' \/>\n            <input type='hidden' class='gform_hidden' name='state_6' value='WyJbXSIsIjgwYTJiMzFmOWEzMDRjMmVhOGVhODBkOTMwMmNhYWQyIl0=' \/>\n            <input type='hidden' class='gform_hidden' name='gform_target_page_number_6' id='gform_target_page_number_6' value='0' \/>\n            <input type='hidden' class='gform_hidden' name='gform_source_page_number_6' id='gform_source_page_number_6' value='1' \/>\n            <input type='hidden' name='gform_field_values' value='' \/>\n            \n        <\/div>\n                        <\/form>\n                        <\/div>\n\t\t                <iframe style='display:none;width:0px;height:0px;' src='about:blank' name='gform_ajax_frame_6' id='gform_ajax_frame_6' title='This iframe contains the logic required to handle Ajax powered Gravity Forms.'><\/iframe>\n\t\t                <script type=\"text\/javascript\">\ngform.initializeOnLoaded( function() {gformInitSpinner( 6, 'https:\/\/service.dgsa-group.com\/wp-content\/plugins\/gravityforms\/images\/spinner.svg', true );jQuery('#gform_ajax_frame_6').on('load',function(){var contents = jQuery(this).contents().find('*').html();var is_postback = contents.indexOf('GF_AJAX_POSTBACK') >= 0;if(!is_postback){return;}var form_content = jQuery(this).contents().find('#gform_wrapper_6');var is_confirmation = jQuery(this).contents().find('#gform_confirmation_wrapper_6').length > 0;var is_redirect = contents.indexOf('gformRedirect(){') >= 0;var is_form = form_content.length > 0 && ! is_redirect && ! is_confirmation;var mt = parseInt(jQuery('html').css('margin-top'), 10) + parseInt(jQuery('body').css('margin-top'), 10) + 100;if(is_form){jQuery('#gform_wrapper_6').html(form_content.html());if(form_content.hasClass('gform_validation_error')){jQuery('#gform_wrapper_6').addClass('gform_validation_error');} else {jQuery('#gform_wrapper_6').removeClass('gform_validation_error');}setTimeout( function() { \/* delay the scroll by 50 milliseconds to fix a bug in chrome *\/ jQuery(document).scrollTop(jQuery('#gform_wrapper_6').offset().top - mt); }, 50 );if(window['gformInitDatepicker']) {gformInitDatepicker();}if(window['gformInitPriceFields']) {gformInitPriceFields();}var current_page = jQuery('#gform_source_page_number_6').val();gformInitSpinner( 6, 'https:\/\/service.dgsa-group.com\/wp-content\/plugins\/gravityforms\/images\/spinner.svg', true );jQuery(document).trigger('gform_page_loaded', [6, current_page]);window['gf_submitting_6'] = false;}else if(!is_redirect){var confirmation_content = jQuery(this).contents().find('.GF_AJAX_POSTBACK').html();if(!confirmation_content){confirmation_content = contents;}setTimeout(function(){jQuery('#gform_wrapper_6').replaceWith(confirmation_content);jQuery(document).scrollTop(jQuery('#gf_6').offset().top - mt);jQuery(document).trigger('gform_confirmation_loaded', [6]);window['gf_submitting_6'] = false;wp.a11y.speak(jQuery('#gform_confirmation_message_6').text());}, 50);}else{jQuery('#gform_6').append(contents);if(window['gformRedirect']) {gformRedirect();}}jQuery(document).trigger('gform_post_render', [6, current_page]);} );} );\n<\/script>\n[\/vc_column][\/vc_row]<\/p>\n<\/section>","protected":false},"excerpt":{"rendered":"<p>[vc_row][vc_column][\/vc_column][\/vc_row][vc_row][vc_column][vc_empty_space height=&#8221;25px&#8221;][vc_gmaps link=&#8221;#E-8_JTNDaWZyYW1lJTIwc3JjJTNEJTIyaHR0cHMlM0ElMkYlMkZ3d3cuZ29vZ2xlLmNvbSUyRm1hcHMlMkZkJTJGZW1iZWQlM0ZtaWQlM0QxcWZJS1JyOGNmSEdGM2JQaWttSk1mWUtWTDZqaXJsMFIlMjIlMjB3aWR0aCUzRCUyMjEwMCUyNSUyMiUyMGhlaWdodCUzRCUyMjM1MCUyMiUzRSUzQyUyRmlmcmFtZSUzRQ==&#8221;][vc_empty_space height=&#8221;25px&#8221;][\/vc_column][\/vc_row][vc_row][vc_column][\/vc_column][\/vc_row]<\/p>\n","protected":false},"author":1,"featured_media":0,"parent":0,"menu_order":0,"comment_status":"closed","ping_status":"open","template":"","meta":[],"yoast_head":"<!-- This site is optimized with the Yoast SEO Premium plugin v18.3 (Yoast SEO v20.5) - https:\/\/yoast.com\/wordpress\/plugins\/seo\/ -->\n<title>DGSA Consulting | Contact<\/title>\n<meta name=\"description\" content=\"DGSA Academy,s.r.o. , Stredisko \u017dilina - Vysoko\u0161kol\u00e1kov 4, 010 08 \u017dilina , Stredisko Bratislava - Pr\u00edstavn\u00e1 10, 821 09 Bratislava, Tel: +421 917 31 32 33\" \/>\n<meta name=\"robots\" content=\"index, follow, max-snippet:-1, max-image-preview:large, max-video-preview:-1\" \/>\n<link rel=\"canonical\" href=\"https:\/\/service.dgsa-group.com\/kontakt\/\" \/>\n<meta property=\"og:locale\" content=\"en_US\" \/>\n<meta property=\"og:type\" content=\"article\" \/>\n<meta property=\"og:title\" content=\"[:sk]Kontakt[:en]Contact[:]\" \/>\n<meta property=\"og:description\" content=\"DGSA Academy,s.r.o. , Stredisko \u017dilina - Vysoko\u0161kol\u00e1kov 4, 010 08 \u017dilina , Stredisko Bratislava - Pr\u00edstavn\u00e1 10, 821 09 Bratislava, Tel: +421 917 31 32 33\" \/>\n<meta property=\"og:url\" content=\"https:\/\/service.dgsa-group.com\/kontakt\/\" \/>\n<meta property=\"og:site_name\" content=\"DGSA Consulting\" \/>\n<meta property=\"article:publisher\" content=\"https:\/\/www.facebook.com\/bezpecnostnyporadca\" \/>\n<meta property=\"article:modified_time\" content=\"2023-03-30T13:07:17+00:00\" \/>\n<meta property=\"og:image\" content=\"https:\/\/service.dgsa-group.com\/wp-content\/uploads\/2020\/08\/dgsa-service-retina.png\" \/>\n\t<meta property=\"og:image:width\" content=\"678\" \/>\n\t<meta property=\"og:image:height\" content=\"184\" \/>\n\t<meta property=\"og:image:type\" content=\"image\/png\" \/>\n<meta name=\"twitter:label1\" content=\"Est. reading time\" \/>\n\t<meta name=\"twitter:data1\" content=\"1 minute\" \/>\n<script type=\"application\/ld+json\" class=\"yoast-schema-graph\">{\"@context\":\"https:\/\/schema.org\",\"@graph\":[{\"@type\":\"WebPage\",\"@id\":\"https:\/\/service.dgsa-group.com\/kontakt\/\",\"url\":\"https:\/\/service.dgsa-group.com\/kontakt\/\",\"name\":\"DGSA Consulting | [:sk]Kontakt[:en]Contact[:]\",\"isPartOf\":{\"@id\":\"https:\/\/service.dgsa-group.com\/#website\"},\"datePublished\":\"2014-08-06T14:49:21+00:00\",\"dateModified\":\"2023-03-30T13:07:17+00:00\",\"description\":\"DGSA Academy,s.r.o. , Stredisko \u017dilina - Vysoko\u0161kol\u00e1kov 4, 010 08 \u017dilina , Stredisko Bratislava - Pr\u00edstavn\u00e1 10, 821 09 Bratislava, Tel: +421 917 31 32 33\",\"breadcrumb\":{\"@id\":\"https:\/\/service.dgsa-group.com\/kontakt\/#breadcrumb\"},\"inLanguage\":\"en-US\",\"potentialAction\":[{\"@type\":\"ReadAction\",\"target\":[\"https:\/\/service.dgsa-group.com\/kontakt\/\"]}]},{\"@type\":\"BreadcrumbList\",\"@id\":\"https:\/\/service.dgsa-group.com\/kontakt\/#breadcrumb\",\"itemListElement\":[{\"@type\":\"ListItem\",\"position\":1,\"name\":\"Domovsk\u00e1 str\u00e1nka\",\"item\":\"https:\/\/service.dgsa-group.com\/\"},{\"@type\":\"ListItem\",\"position\":2,\"name\":\"Kontakt\"}]},{\"@type\":\"WebSite\",\"@id\":\"https:\/\/service.dgsa-group.com\/#website\",\"url\":\"https:\/\/service.dgsa-group.com\/\",\"name\":\"DGSA Service\",\"description\":\"DGSA Service | ADN vessel equipment, life jackets\",\"publisher\":{\"@id\":\"https:\/\/service.dgsa-group.com\/#organization\"},\"potentialAction\":[{\"@type\":\"SearchAction\",\"target\":{\"@type\":\"EntryPoint\",\"urlTemplate\":\"https:\/\/service.dgsa-group.com\/?s={search_term_string}\"},\"query-input\":\"required name=search_term_string\"}],\"inLanguage\":\"en-US\"},{\"@type\":\"Organization\",\"@id\":\"https:\/\/service.dgsa-group.com\/#organization\",\"name\":\"DGSA Service\",\"url\":\"https:\/\/service.dgsa-group.com\/\",\"logo\":{\"@type\":\"ImageObject\",\"inLanguage\":\"en-US\",\"@id\":\"https:\/\/service.dgsa-group.com\/#\/schema\/logo\/image\/\",\"url\":\"https:\/\/service.dgsa-group.com\/wp-content\/uploads\/2020\/08\/dgsa-service-normal.png\",\"contentUrl\":\"https:\/\/service.dgsa-group.com\/wp-content\/uploads\/2020\/08\/dgsa-service-normal.png\",\"width\":339,\"height\":92,\"caption\":\"DGSA Service\"},\"image\":{\"@id\":\"https:\/\/service.dgsa-group.com\/#\/schema\/logo\/image\/\"},\"sameAs\":[\"https:\/\/www.facebook.com\/bezpecnostnyporadca\"]}]}<\/script>\n<!-- \/ Yoast SEO Premium plugin. -->","yoast_head_json":{"title":"DGSA Consulting | [:sk]Kontakt[:en]Contact[:]","description":"DGSA Academy,s.r.o. , Stredisko \u017dilina - Vysoko\u0161kol\u00e1kov 4, 010 08 \u017dilina , Stredisko Bratislava - Pr\u00edstavn\u00e1 10, 821 09 Bratislava, Tel: +421 917 31 32 33","robots":{"index":"index","follow":"follow","max-snippet":"max-snippet:-1","max-image-preview":"max-image-preview:large","max-video-preview":"max-video-preview:-1"},"canonical":"https:\/\/service.dgsa-group.com\/kontakt\/","og_locale":"en_US","og_type":"article","og_title":"[:sk]Kontakt[:en]Contact[:]","og_description":"DGSA Academy,s.r.o. , Stredisko \u017dilina - Vysoko\u0161kol\u00e1kov 4, 010 08 \u017dilina , Stredisko Bratislava - Pr\u00edstavn\u00e1 10, 821 09 Bratislava, Tel: +421 917 31 32 33","og_url":"https:\/\/service.dgsa-group.com\/kontakt\/","og_site_name":"DGSA Consulting","article_publisher":"https:\/\/www.facebook.com\/bezpecnostnyporadca","article_modified_time":"2023-03-30T13:07:17+00:00","og_image":[{"width":678,"height":184,"url":"https:\/\/service.dgsa-group.com\/wp-content\/uploads\/2020\/08\/dgsa-service-retina.png","type":"image\/png"}],"twitter_misc":{"Est. reading time":"1 minute"},"schema":{"@context":"https:\/\/schema.org","@graph":[{"@type":"WebPage","@id":"https:\/\/service.dgsa-group.com\/kontakt\/","url":"https:\/\/service.dgsa-group.com\/kontakt\/","name":"DGSA Consulting | [:sk]Kontakt[:en]Contact[:]","isPartOf":{"@id":"https:\/\/service.dgsa-group.com\/#website"},"datePublished":"2014-08-06T14:49:21+00:00","dateModified":"2023-03-30T13:07:17+00:00","description":"DGSA Academy,s.r.o. , Stredisko \u017dilina - Vysoko\u0161kol\u00e1kov 4, 010 08 \u017dilina , Stredisko Bratislava - Pr\u00edstavn\u00e1 10, 821 09 Bratislava, Tel: +421 917 31 32 33","breadcrumb":{"@id":"https:\/\/service.dgsa-group.com\/kontakt\/#breadcrumb"},"inLanguage":"en-US","potentialAction":[{"@type":"ReadAction","target":["https:\/\/service.dgsa-group.com\/kontakt\/"]}]},{"@type":"BreadcrumbList","@id":"https:\/\/service.dgsa-group.com\/kontakt\/#breadcrumb","itemListElement":[{"@type":"ListItem","position":1,"name":"Domovsk\u00e1 str\u00e1nka","item":"https:\/\/service.dgsa-group.com\/"},{"@type":"ListItem","position":2,"name":"Kontakt"}]},{"@type":"WebSite","@id":"https:\/\/service.dgsa-group.com\/#website","url":"https:\/\/service.dgsa-group.com\/","name":"DGSA Service","description":"DGSA Service | ADN vessel equipment, life jackets","publisher":{"@id":"https:\/\/service.dgsa-group.com\/#organization"},"potentialAction":[{"@type":"SearchAction","target":{"@type":"EntryPoint","urlTemplate":"https:\/\/service.dgsa-group.com\/?s={search_term_string}"},"query-input":"required name=search_term_string"}],"inLanguage":"en-US"},{"@type":"Organization","@id":"https:\/\/service.dgsa-group.com\/#organization","name":"DGSA Service","url":"https:\/\/service.dgsa-group.com\/","logo":{"@type":"ImageObject","inLanguage":"en-US","@id":"https:\/\/service.dgsa-group.com\/#\/schema\/logo\/image\/","url":"https:\/\/service.dgsa-group.com\/wp-content\/uploads\/2020\/08\/dgsa-service-normal.png","contentUrl":"https:\/\/service.dgsa-group.com\/wp-content\/uploads\/2020\/08\/dgsa-service-normal.png","width":339,"height":92,"caption":"DGSA Service"},"image":{"@id":"https:\/\/service.dgsa-group.com\/#\/schema\/logo\/image\/"},"sameAs":["https:\/\/www.facebook.com\/bezpecnostnyporadca"]}]}},"_links":{"self":[{"href":"https:\/\/service.dgsa-group.com\/en\/wp-json\/wp\/v2\/pages\/37"}],"collection":[{"href":"https:\/\/service.dgsa-group.com\/en\/wp-json\/wp\/v2\/pages"}],"about":[{"href":"https:\/\/service.dgsa-group.com\/en\/wp-json\/wp\/v2\/types\/page"}],"author":[{"embeddable":true,"href":"https:\/\/service.dgsa-group.com\/en\/wp-json\/wp\/v2\/users\/1"}],"replies":[{"embeddable":true,"href":"https:\/\/service.dgsa-group.com\/en\/wp-json\/wp\/v2\/comments?post=37"}],"version-history":[{"count":0,"href":"https:\/\/service.dgsa-group.com\/en\/wp-json\/wp\/v2\/pages\/37\/revisions"}],"wp:attachment":[{"href":"https:\/\/service.dgsa-group.com\/en\/wp-json\/wp\/v2\/media?parent=37"}],"curies":[{"name":"wp","href":"https:\/\/api.w.org\/{rel}","templated":true}]}}