{"id":1781,"date":"2020-08-29T13:46:59","date_gmt":"2020-08-29T11:46:59","guid":{"rendered":"https:\/\/service.dgsa-group.com\/?page_id=1781"},"modified":"2023-03-30T15:07:36","modified_gmt":"2023-03-30T13:07:36","slug":"protipoziarne-vybavenie-plavidiel","status":"publish","type":"page","link":"https:\/\/service.dgsa-group.com\/en\/fire-extinguishing-equipmnet-of-vessels\/","title":{"rendered":"Fire \u2013 extinguishing equipmnet of vessels"},"content":{"rendered":"<section class=\"wpb-content-wrapper\"><p><\/p>\n<p>[vc_row][vc_column]<section class=\"shortcode-action-box table shortcode-action-bg block-style-widget\"><div class=\"text-big\"><h3>On the basis of a special authorization, we perform regular inspections of hand fire extinguishers on vessels as well as we provide their service, filling or replacement. We also supply boxes for fire extinguishers to ensure their protection against the weather. Inspections of hand fire extinguishers must be carried out at least every two years, pressure tests of fire extinguisher containers every 5 years.<\/h3>\n<p><strong>We perform prescribed pressure tests of fire hoses as well as fire couplings and assemblies on board, including inspection of fire pumps. We perform inspections every two years.<\/strong><\/p>\n<\/div><\/section>[\/vc_column][\/vc_row][vc_row][vc_column][vc_empty_space height=&#8221;30px&#8221;]<div class=\"hr-thin style-dotted accent-border-color\" style=\"width: 100%;border-top-width: 1px;\"><\/div>[vc_empty_space height=&#8221;15px&#8221;][\/vc_column][\/vc_row][vc_row][vc_column width=&#8221;2\/3&#8243;][vc_column_text]<strong>For vessels equipped with a stationary fire extinguishing system, we provide regular inspections or their service. The date of regular inspections is usually set by the manufacturer at least once every two years.<\/strong><\/p>\n<p>In addition to fire extinguishers and stationary fire extinguishing systems, we perform regular inspections of decontamination showers, which are manufactured in accordance with the EN 14 154 standard. These are showers with water content in container or containers, whre the flow of water is ensured by means of compressed gas (CO2 or oxygen). These showers are not connected to the water supply on board, they are mostly used on tank vessels without living and operating spaces.<\/p>\n<p>The output of our inspections , in case of positive result, are certificates issued in Slovak and English language in accordance with the requirements of the ADN agreement.<\/p>\n<p><strong>If You are interested in, please contact us via e-mail: <a href=\"mailto:service@dgsa-group.com\">service@dgsa-group.com<\/a> or phone: +421\u00a0902\u00a0341\u00a0031.<\/strong>[\/vc_column_text][\/vc_column][vc_column width=&#8221;1\/3&#8243;][vc_single_image image=&#8221;1654&#8243; img_size=&#8221;full&#8221; alignment=&#8221;center&#8221; style=&#8221;vc_box_shadow&#8221; onclick=&#8221;link_image&#8221;][\/vc_column][\/vc_row]<\/p>\n<p><\/p>\n<\/section>","protected":false},"excerpt":{"rendered":"<p>[vc_row][vc_column][\/vc_column][\/vc_row][vc_row][vc_column][vc_empty_space height=&#8221;30px&#8221;][vc_empty_space height=&#8221;15px&#8221;][\/vc_column][\/vc_row][vc_row][vc_column width=&#8221;2\/3&#8243;][vc_column_text]For vessels equipped with a stationary fire extinguishing system, we provide regular inspections or their service. The date of regular inspections is usually set by the manufacturer at least once every two years. In addition to fire extinguishers and stationary fire extinguishing systems, we perform regular inspections of decontamination showers, which are&hellip;<\/p>\n","protected":false},"author":1,"featured_media":0,"parent":0,"menu_order":0,"comment_status":"closed","ping_status":"closed","template":"","meta":[],"yoast_head":"<!-- This site is optimized with the Yoast SEO Premium plugin v18.3 (Yoast SEO v20.5) - https:\/\/yoast.com\/wordpress\/plugins\/seo\/ -->\n<title>DGSA Academy - \u0160kolenie ADR, RID, ADN, IMDG Code<\/title>\n<meta name=\"description\" content=\"\u0160kolenie os\u00f4b z\u00fa\u010dastnen\u00fdch na preprave nebezpe\u010dn\u00fdch vec\u00ed a tovaru cestnou (ADR), \u017eelezni\u010dnou (RID), vn\u00fatrozemskou vodnou (ADN) a n\u00e1mornou dopravou (IMDG)\" \/>\n<meta name=\"robots\" content=\"index, follow, max-snippet:-1, max-image-preview:large, max-video-preview:-1\" \/>\n<link rel=\"canonical\" href=\"https:\/\/service.dgsa-group.com\/protipoziarne-vybavenie-plavidiel\/\" \/>\n<meta property=\"og:locale\" content=\"en_US\" \/>\n<meta property=\"og:type\" content=\"article\" \/>\n<meta property=\"og:title\" content=\"[:sk]Protipo\u017eiarne vybavenie plavidiel[:en]Fire \u2013 extinguishing equipmnet of vessels[:]\" \/>\n<meta property=\"og:description\" content=\"\u0160kolenie os\u00f4b z\u00fa\u010dastnen\u00fdch na preprave nebezpe\u010dn\u00fdch vec\u00ed a tovaru cestnou (ADR), \u017eelezni\u010dnou (RID), vn\u00fatrozemskou vodnou (ADN) a n\u00e1mornou dopravou (IMDG)\" \/>\n<meta property=\"og:url\" content=\"https:\/\/service.dgsa-group.com\/protipoziarne-vybavenie-plavidiel\/\" \/>\n<meta property=\"og:site_name\" content=\"DGSA Consulting\" \/>\n<meta property=\"article:publisher\" content=\"https:\/\/www.facebook.com\/bezpecnostnyporadca\" \/>\n<meta property=\"article:modified_time\" content=\"2023-03-30T13:07:36+00:00\" \/>\n<meta property=\"og:image\" content=\"https:\/\/service.dgsa-group.com\/wp-content\/uploads\/2020\/08\/dgsa-service-retina.png\" \/>\n\t<meta property=\"og:image:width\" content=\"678\" \/>\n\t<meta property=\"og:image:height\" content=\"184\" \/>\n\t<meta property=\"og:image:type\" content=\"image\/png\" \/>\n<meta name=\"twitter:label1\" content=\"Est. reading time\" \/>\n\t<meta name=\"twitter:data1\" content=\"3 minutes\" \/>\n<script type=\"application\/ld+json\" class=\"yoast-schema-graph\">{\"@context\":\"https:\/\/schema.org\",\"@graph\":[{\"@type\":\"WebPage\",\"@id\":\"https:\/\/service.dgsa-group.com\/protipoziarne-vybavenie-plavidiel\/\",\"url\":\"https:\/\/service.dgsa-group.com\/protipoziarne-vybavenie-plavidiel\/\",\"name\":\"DGSA Academy - \u0160kolenie ADR, RID, ADN, IMDG Code\",\"isPartOf\":{\"@id\":\"https:\/\/service.dgsa-group.com\/#website\"},\"datePublished\":\"2020-08-29T11:46:59+00:00\",\"dateModified\":\"2023-03-30T13:07:36+00:00\",\"description\":\"\u0160kolenie os\u00f4b z\u00fa\u010dastnen\u00fdch na preprave nebezpe\u010dn\u00fdch vec\u00ed a tovaru cestnou (ADR), \u017eelezni\u010dnou (RID), vn\u00fatrozemskou vodnou (ADN) a n\u00e1mornou dopravou (IMDG)\",\"breadcrumb\":{\"@id\":\"https:\/\/service.dgsa-group.com\/protipoziarne-vybavenie-plavidiel\/#breadcrumb\"},\"inLanguage\":\"en-US\",\"potentialAction\":[{\"@type\":\"ReadAction\",\"target\":[\"https:\/\/service.dgsa-group.com\/protipoziarne-vybavenie-plavidiel\/\"]}]},{\"@type\":\"BreadcrumbList\",\"@id\":\"https:\/\/service.dgsa-group.com\/protipoziarne-vybavenie-plavidiel\/#breadcrumb\",\"itemListElement\":[{\"@type\":\"ListItem\",\"position\":1,\"name\":\"Domovsk\u00e1 str\u00e1nka\",\"item\":\"https:\/\/service.dgsa-group.com\/\"},{\"@type\":\"ListItem\",\"position\":2,\"name\":\"Protipo\u017eiarne vybavenie plavidiel\"}]},{\"@type\":\"WebSite\",\"@id\":\"https:\/\/service.dgsa-group.com\/#website\",\"url\":\"https:\/\/service.dgsa-group.com\/\",\"name\":\"DGSA Service\",\"description\":\"DGSA Service | ADN vessel equipment, life jackets\",\"publisher\":{\"@id\":\"https:\/\/service.dgsa-group.com\/#organization\"},\"potentialAction\":[{\"@type\":\"SearchAction\",\"target\":{\"@type\":\"EntryPoint\",\"urlTemplate\":\"https:\/\/service.dgsa-group.com\/?s={search_term_string}\"},\"query-input\":\"required name=search_term_string\"}],\"inLanguage\":\"en-US\"},{\"@type\":\"Organization\",\"@id\":\"https:\/\/service.dgsa-group.com\/#organization\",\"name\":\"DGSA Service\",\"url\":\"https:\/\/service.dgsa-group.com\/\",\"logo\":{\"@type\":\"ImageObject\",\"inLanguage\":\"en-US\",\"@id\":\"https:\/\/service.dgsa-group.com\/#\/schema\/logo\/image\/\",\"url\":\"https:\/\/service.dgsa-group.com\/wp-content\/uploads\/2020\/08\/dgsa-service-normal.png\",\"contentUrl\":\"https:\/\/service.dgsa-group.com\/wp-content\/uploads\/2020\/08\/dgsa-service-normal.png\",\"width\":339,\"height\":92,\"caption\":\"DGSA Service\"},\"image\":{\"@id\":\"https:\/\/service.dgsa-group.com\/#\/schema\/logo\/image\/\"},\"sameAs\":[\"https:\/\/www.facebook.com\/bezpecnostnyporadca\"]}]}<\/script>\n<!-- \/ Yoast SEO Premium plugin. -->","yoast_head_json":{"title":"DGSA Academy - \u0160kolenie ADR, RID, ADN, IMDG Code","description":"\u0160kolenie os\u00f4b z\u00fa\u010dastnen\u00fdch na preprave nebezpe\u010dn\u00fdch vec\u00ed a tovaru cestnou (ADR), \u017eelezni\u010dnou (RID), vn\u00fatrozemskou vodnou (ADN) a n\u00e1mornou dopravou (IMDG)","robots":{"index":"index","follow":"follow","max-snippet":"max-snippet:-1","max-image-preview":"max-image-preview:large","max-video-preview":"max-video-preview:-1"},"canonical":"https:\/\/service.dgsa-group.com\/protipoziarne-vybavenie-plavidiel\/","og_locale":"en_US","og_type":"article","og_title":"[:sk]Protipo\u017eiarne vybavenie plavidiel[:en]Fire \u2013 extinguishing equipmnet of vessels[:]","og_description":"\u0160kolenie os\u00f4b z\u00fa\u010dastnen\u00fdch na preprave nebezpe\u010dn\u00fdch vec\u00ed a tovaru cestnou (ADR), \u017eelezni\u010dnou (RID), vn\u00fatrozemskou vodnou (ADN) a n\u00e1mornou dopravou (IMDG)","og_url":"https:\/\/service.dgsa-group.com\/protipoziarne-vybavenie-plavidiel\/","og_site_name":"DGSA Consulting","article_publisher":"https:\/\/www.facebook.com\/bezpecnostnyporadca","article_modified_time":"2023-03-30T13:07:36+00:00","og_image":[{"width":678,"height":184,"url":"https:\/\/service.dgsa-group.com\/wp-content\/uploads\/2020\/08\/dgsa-service-retina.png","type":"image\/png"}],"twitter_misc":{"Est. reading time":"3 minutes"},"schema":{"@context":"https:\/\/schema.org","@graph":[{"@type":"WebPage","@id":"https:\/\/service.dgsa-group.com\/protipoziarne-vybavenie-plavidiel\/","url":"https:\/\/service.dgsa-group.com\/protipoziarne-vybavenie-plavidiel\/","name":"DGSA Academy - \u0160kolenie ADR, RID, ADN, IMDG Code","isPartOf":{"@id":"https:\/\/service.dgsa-group.com\/#website"},"datePublished":"2020-08-29T11:46:59+00:00","dateModified":"2023-03-30T13:07:36+00:00","description":"\u0160kolenie os\u00f4b z\u00fa\u010dastnen\u00fdch na preprave nebezpe\u010dn\u00fdch vec\u00ed a tovaru cestnou (ADR), \u017eelezni\u010dnou (RID), vn\u00fatrozemskou vodnou (ADN) a n\u00e1mornou dopravou (IMDG)","breadcrumb":{"@id":"https:\/\/service.dgsa-group.com\/protipoziarne-vybavenie-plavidiel\/#breadcrumb"},"inLanguage":"en-US","potentialAction":[{"@type":"ReadAction","target":["https:\/\/service.dgsa-group.com\/protipoziarne-vybavenie-plavidiel\/"]}]},{"@type":"BreadcrumbList","@id":"https:\/\/service.dgsa-group.com\/protipoziarne-vybavenie-plavidiel\/#breadcrumb","itemListElement":[{"@type":"ListItem","position":1,"name":"Domovsk\u00e1 str\u00e1nka","item":"https:\/\/service.dgsa-group.com\/"},{"@type":"ListItem","position":2,"name":"Protipo\u017eiarne vybavenie plavidiel"}]},{"@type":"WebSite","@id":"https:\/\/service.dgsa-group.com\/#website","url":"https:\/\/service.dgsa-group.com\/","name":"DGSA Service","description":"DGSA Service | ADN vessel equipment, life jackets","publisher":{"@id":"https:\/\/service.dgsa-group.com\/#organization"},"potentialAction":[{"@type":"SearchAction","target":{"@type":"EntryPoint","urlTemplate":"https:\/\/service.dgsa-group.com\/?s={search_term_string}"},"query-input":"required name=search_term_string"}],"inLanguage":"en-US"},{"@type":"Organization","@id":"https:\/\/service.dgsa-group.com\/#organization","name":"DGSA Service","url":"https:\/\/service.dgsa-group.com\/","logo":{"@type":"ImageObject","inLanguage":"en-US","@id":"https:\/\/service.dgsa-group.com\/#\/schema\/logo\/image\/","url":"https:\/\/service.dgsa-group.com\/wp-content\/uploads\/2020\/08\/dgsa-service-normal.png","contentUrl":"https:\/\/service.dgsa-group.com\/wp-content\/uploads\/2020\/08\/dgsa-service-normal.png","width":339,"height":92,"caption":"DGSA Service"},"image":{"@id":"https:\/\/service.dgsa-group.com\/#\/schema\/logo\/image\/"},"sameAs":["https:\/\/www.facebook.com\/bezpecnostnyporadca"]}]}},"_links":{"self":[{"href":"https:\/\/service.dgsa-group.com\/en\/wp-json\/wp\/v2\/pages\/1781"}],"collection":[{"href":"https:\/\/service.dgsa-group.com\/en\/wp-json\/wp\/v2\/pages"}],"about":[{"href":"https:\/\/service.dgsa-group.com\/en\/wp-json\/wp\/v2\/types\/page"}],"author":[{"embeddable":true,"href":"https:\/\/service.dgsa-group.com\/en\/wp-json\/wp\/v2\/users\/1"}],"replies":[{"embeddable":true,"href":"https:\/\/service.dgsa-group.com\/en\/wp-json\/wp\/v2\/comments?post=1781"}],"version-history":[{"count":0,"href":"https:\/\/service.dgsa-group.com\/en\/wp-json\/wp\/v2\/pages\/1781\/revisions"}],"wp:attachment":[{"href":"https:\/\/service.dgsa-group.com\/en\/wp-json\/wp\/v2\/media?parent=1781"}],"curies":[{"name":"wp","href":"https:\/\/api.w.org\/{rel}","templated":true}]}}