{"id":1764,"date":"2020-08-29T13:13:54","date_gmt":"2020-08-29T11:13:54","guid":{"rendered":"https:\/\/service.dgsa-group.com\/?page_id=1764"},"modified":"2023-03-30T15:07:33","modified_gmt":"2023-03-30T13:07:33","slug":"vybava-plavidiel-adn","status":"publish","type":"page","link":"https:\/\/service.dgsa-group.com\/en\/equipment-for-adn-vessels\/","title":{"rendered":"Equipment for ADN vessels"},"content":{"rendered":"<section class=\"wpb-content-wrapper\"><p>[vc_row][vc_column]<section class=\"shortcode-action-box table shortcode-action-bg block-style-widget\"><div class=\"text-big\"><h3>Crew members of inland waterway vessels for carriage of dangerous goods shall be equipped with special equipment according to 8.1.5 ADN and other prescribed protective equipment for work on vessels.<\/h3>\n<p><strong>We supply boxes with special equipment, content of which is fully according to requirements of ADN agreement. We issue a\u00a0certificate of expiration and inspection of selected components for each box and we also perform their regular inspections.<\/strong><\/p>\n<\/div><\/section>[\/vc_column][\/vc_row][vc_row][vc_column][vc_empty_space height=&#8221;30px&#8221;][vc_column_text]<\/p>\n<h3>Except of special equipment, we also offer more equipment:<\/h3>\n<p>[\/vc_column_text][\/vc_column][\/vc_row][vc_row][vc_column width=&#8221;1\/2&#8243;]<div class=\"standard-arrow bullet-top\"><ul>\n<li>Protective suit in antistatic version<\/li>\n<li>Rescue equipment for access to closed areas under the deck:\n<ul>\n<li>self-contained breathing apparatuses (regular inspections and service)<\/li>\n<li>rescue winches<\/li>\n<li>air compressors (compressors for air supply via hose)<\/li>\n<li>rescue straps<\/li>\n<\/ul>\n<\/li>\n<li>Flammable gases and vapour detectors including accessories (suction hose, suction pump, filters, floats etc.)<\/li>\n<li>Toximeters \u2013 detectors of toxic gases including detection tubes<\/li>\n<\/ul>\n<\/div>[vc_empty_space height=&#8221;20px&#8221;][vc_column_text]<strong>If You are interested in special equipment or other equipment, please contact us via:<\/strong><\/p>\n<ul>\n<li><strong>e-mail: <a href=\"mailto:service@dgsa-group.com\">service@dgsa-group.com<\/a><\/strong><\/li>\n<li><strong>or phone: +421\u00a0902\u00a0341\u00a0031<\/strong><\/li>\n<\/ul>\n<p>[\/vc_column_text][\/vc_column][vc_column width=&#8221;1\/2&#8243;][vc_single_image image=&#8221;1777&#8243; img_size=&#8221;full&#8221; alignment=&#8221;center&#8221; style=&#8221;vc_box_shadow_border&#8221; onclick=&#8221;link_image&#8221;][\/vc_column][\/vc_row]<\/p>\n<\/section>","protected":false},"excerpt":{"rendered":"<p>[vc_row][vc_column][\/vc_column][\/vc_row][vc_row][vc_column][vc_empty_space height=&#8221;30px&#8221;][vc_column_text] Except of special equipment, we also offer more equipment: [\/vc_column_text][\/vc_column][\/vc_row][vc_row][vc_column width=&#8221;1\/2&#8243;][vc_empty_space height=&#8221;20px&#8221;][vc_column_text]If You are interested in special equipment or other equipment, please contact us via: e-mail: service@dgsa-group.com or phone: +421\u00a0902\u00a0341\u00a0031 [\/vc_column_text][\/vc_column][vc_column width=&#8221;1\/2&#8243;][vc_single_image image=&#8221;1777&#8243; img_size=&#8221;full&#8221; alignment=&#8221;center&#8221; style=&#8221;vc_box_shadow_border&#8221; onclick=&#8221;link_image&#8221;][\/vc_column][\/vc_row]<\/p>\n","protected":false},"author":1,"featured_media":0,"parent":0,"menu_order":0,"comment_status":"closed","ping_status":"closed","template":"","meta":[],"yoast_head":"<!-- This site is optimized with the Yoast SEO Premium plugin v18.3 (Yoast SEO v20.5) - https:\/\/yoast.com\/wordpress\/plugins\/seo\/ -->\n<title>DGSA Academy - \u0160kolenie ADR, RID, ADN, IMDG Code<\/title>\n<meta name=\"description\" content=\"\u0160kolenie os\u00f4b z\u00fa\u010dastnen\u00fdch na preprave nebezpe\u010dn\u00fdch vec\u00ed a tovaru cestnou (ADR), \u017eelezni\u010dnou (RID), vn\u00fatrozemskou vodnou (ADN) a n\u00e1mornou dopravou (IMDG)\" \/>\n<meta name=\"robots\" content=\"index, follow, max-snippet:-1, max-image-preview:large, max-video-preview:-1\" \/>\n<link rel=\"canonical\" href=\"https:\/\/service.dgsa-group.com\/vybava-plavidiel-adn\/\" \/>\n<meta property=\"og:locale\" content=\"en_US\" \/>\n<meta property=\"og:type\" content=\"article\" \/>\n<meta property=\"og:title\" content=\"[:sk]V\u00fdbava plavidiel ADN[:en]Equipment for ADN vessels[:]\" \/>\n<meta property=\"og:description\" content=\"\u0160kolenie os\u00f4b z\u00fa\u010dastnen\u00fdch na preprave nebezpe\u010dn\u00fdch vec\u00ed a tovaru cestnou (ADR), \u017eelezni\u010dnou (RID), vn\u00fatrozemskou vodnou (ADN) a n\u00e1mornou dopravou (IMDG)\" \/>\n<meta property=\"og:url\" content=\"https:\/\/service.dgsa-group.com\/vybava-plavidiel-adn\/\" \/>\n<meta property=\"og:site_name\" content=\"DGSA Consulting\" \/>\n<meta property=\"article:publisher\" content=\"https:\/\/www.facebook.com\/bezpecnostnyporadca\" \/>\n<meta property=\"article:modified_time\" content=\"2023-03-30T13:07:33+00:00\" \/>\n<meta property=\"og:image\" content=\"https:\/\/service.dgsa-group.com\/wp-content\/uploads\/2020\/08\/dgsa-service-retina.png\" \/>\n\t<meta property=\"og:image:width\" content=\"678\" \/>\n\t<meta property=\"og:image:height\" content=\"184\" \/>\n\t<meta property=\"og:image:type\" content=\"image\/png\" \/>\n<meta name=\"twitter:label1\" content=\"Est. reading time\" \/>\n\t<meta name=\"twitter:data1\" content=\"3 minutes\" \/>\n<script type=\"application\/ld+json\" class=\"yoast-schema-graph\">{\"@context\":\"https:\/\/schema.org\",\"@graph\":[{\"@type\":\"WebPage\",\"@id\":\"https:\/\/service.dgsa-group.com\/vybava-plavidiel-adn\/\",\"url\":\"https:\/\/service.dgsa-group.com\/vybava-plavidiel-adn\/\",\"name\":\"DGSA Academy - \u0160kolenie ADR, RID, ADN, IMDG Code\",\"isPartOf\":{\"@id\":\"https:\/\/service.dgsa-group.com\/#website\"},\"datePublished\":\"2020-08-29T11:13:54+00:00\",\"dateModified\":\"2023-03-30T13:07:33+00:00\",\"description\":\"\u0160kolenie os\u00f4b z\u00fa\u010dastnen\u00fdch na preprave nebezpe\u010dn\u00fdch vec\u00ed a tovaru cestnou (ADR), \u017eelezni\u010dnou (RID), vn\u00fatrozemskou vodnou (ADN) a n\u00e1mornou dopravou (IMDG)\",\"breadcrumb\":{\"@id\":\"https:\/\/service.dgsa-group.com\/vybava-plavidiel-adn\/#breadcrumb\"},\"inLanguage\":\"en-US\",\"potentialAction\":[{\"@type\":\"ReadAction\",\"target\":[\"https:\/\/service.dgsa-group.com\/vybava-plavidiel-adn\/\"]}]},{\"@type\":\"BreadcrumbList\",\"@id\":\"https:\/\/service.dgsa-group.com\/vybava-plavidiel-adn\/#breadcrumb\",\"itemListElement\":[{\"@type\":\"ListItem\",\"position\":1,\"name\":\"Domovsk\u00e1 str\u00e1nka\",\"item\":\"https:\/\/service.dgsa-group.com\/\"},{\"@type\":\"ListItem\",\"position\":2,\"name\":\"V\u00fdbava plavidiel ADN\"}]},{\"@type\":\"WebSite\",\"@id\":\"https:\/\/service.dgsa-group.com\/#website\",\"url\":\"https:\/\/service.dgsa-group.com\/\",\"name\":\"DGSA Service\",\"description\":\"DGSA Service | ADN vessel equipment, life jackets\",\"publisher\":{\"@id\":\"https:\/\/service.dgsa-group.com\/#organization\"},\"potentialAction\":[{\"@type\":\"SearchAction\",\"target\":{\"@type\":\"EntryPoint\",\"urlTemplate\":\"https:\/\/service.dgsa-group.com\/?s={search_term_string}\"},\"query-input\":\"required name=search_term_string\"}],\"inLanguage\":\"en-US\"},{\"@type\":\"Organization\",\"@id\":\"https:\/\/service.dgsa-group.com\/#organization\",\"name\":\"DGSA Service\",\"url\":\"https:\/\/service.dgsa-group.com\/\",\"logo\":{\"@type\":\"ImageObject\",\"inLanguage\":\"en-US\",\"@id\":\"https:\/\/service.dgsa-group.com\/#\/schema\/logo\/image\/\",\"url\":\"https:\/\/service.dgsa-group.com\/wp-content\/uploads\/2020\/08\/dgsa-service-normal.png\",\"contentUrl\":\"https:\/\/service.dgsa-group.com\/wp-content\/uploads\/2020\/08\/dgsa-service-normal.png\",\"width\":339,\"height\":92,\"caption\":\"DGSA Service\"},\"image\":{\"@id\":\"https:\/\/service.dgsa-group.com\/#\/schema\/logo\/image\/\"},\"sameAs\":[\"https:\/\/www.facebook.com\/bezpecnostnyporadca\"]}]}<\/script>\n<!-- \/ Yoast SEO Premium plugin. -->","yoast_head_json":{"title":"DGSA Academy - \u0160kolenie ADR, RID, ADN, IMDG Code","description":"\u0160kolenie os\u00f4b z\u00fa\u010dastnen\u00fdch na preprave nebezpe\u010dn\u00fdch vec\u00ed a tovaru cestnou (ADR), \u017eelezni\u010dnou (RID), vn\u00fatrozemskou vodnou (ADN) a n\u00e1mornou dopravou (IMDG)","robots":{"index":"index","follow":"follow","max-snippet":"max-snippet:-1","max-image-preview":"max-image-preview:large","max-video-preview":"max-video-preview:-1"},"canonical":"https:\/\/service.dgsa-group.com\/vybava-plavidiel-adn\/","og_locale":"en_US","og_type":"article","og_title":"[:sk]V\u00fdbava plavidiel ADN[:en]Equipment for ADN vessels[:]","og_description":"\u0160kolenie os\u00f4b z\u00fa\u010dastnen\u00fdch na preprave nebezpe\u010dn\u00fdch vec\u00ed a tovaru cestnou (ADR), \u017eelezni\u010dnou (RID), vn\u00fatrozemskou vodnou (ADN) a n\u00e1mornou dopravou (IMDG)","og_url":"https:\/\/service.dgsa-group.com\/vybava-plavidiel-adn\/","og_site_name":"DGSA Consulting","article_publisher":"https:\/\/www.facebook.com\/bezpecnostnyporadca","article_modified_time":"2023-03-30T13:07:33+00:00","og_image":[{"width":678,"height":184,"url":"https:\/\/service.dgsa-group.com\/wp-content\/uploads\/2020\/08\/dgsa-service-retina.png","type":"image\/png"}],"twitter_misc":{"Est. reading time":"3 minutes"},"schema":{"@context":"https:\/\/schema.org","@graph":[{"@type":"WebPage","@id":"https:\/\/service.dgsa-group.com\/vybava-plavidiel-adn\/","url":"https:\/\/service.dgsa-group.com\/vybava-plavidiel-adn\/","name":"DGSA Academy - \u0160kolenie ADR, RID, ADN, IMDG Code","isPartOf":{"@id":"https:\/\/service.dgsa-group.com\/#website"},"datePublished":"2020-08-29T11:13:54+00:00","dateModified":"2023-03-30T13:07:33+00:00","description":"\u0160kolenie os\u00f4b z\u00fa\u010dastnen\u00fdch na preprave nebezpe\u010dn\u00fdch vec\u00ed a tovaru cestnou (ADR), \u017eelezni\u010dnou (RID), vn\u00fatrozemskou vodnou (ADN) a n\u00e1mornou dopravou (IMDG)","breadcrumb":{"@id":"https:\/\/service.dgsa-group.com\/vybava-plavidiel-adn\/#breadcrumb"},"inLanguage":"en-US","potentialAction":[{"@type":"ReadAction","target":["https:\/\/service.dgsa-group.com\/vybava-plavidiel-adn\/"]}]},{"@type":"BreadcrumbList","@id":"https:\/\/service.dgsa-group.com\/vybava-plavidiel-adn\/#breadcrumb","itemListElement":[{"@type":"ListItem","position":1,"name":"Domovsk\u00e1 str\u00e1nka","item":"https:\/\/service.dgsa-group.com\/"},{"@type":"ListItem","position":2,"name":"V\u00fdbava plavidiel ADN"}]},{"@type":"WebSite","@id":"https:\/\/service.dgsa-group.com\/#website","url":"https:\/\/service.dgsa-group.com\/","name":"DGSA Service","description":"DGSA Service | ADN vessel equipment, life jackets","publisher":{"@id":"https:\/\/service.dgsa-group.com\/#organization"},"potentialAction":[{"@type":"SearchAction","target":{"@type":"EntryPoint","urlTemplate":"https:\/\/service.dgsa-group.com\/?s={search_term_string}"},"query-input":"required name=search_term_string"}],"inLanguage":"en-US"},{"@type":"Organization","@id":"https:\/\/service.dgsa-group.com\/#organization","name":"DGSA Service","url":"https:\/\/service.dgsa-group.com\/","logo":{"@type":"ImageObject","inLanguage":"en-US","@id":"https:\/\/service.dgsa-group.com\/#\/schema\/logo\/image\/","url":"https:\/\/service.dgsa-group.com\/wp-content\/uploads\/2020\/08\/dgsa-service-normal.png","contentUrl":"https:\/\/service.dgsa-group.com\/wp-content\/uploads\/2020\/08\/dgsa-service-normal.png","width":339,"height":92,"caption":"DGSA Service"},"image":{"@id":"https:\/\/service.dgsa-group.com\/#\/schema\/logo\/image\/"},"sameAs":["https:\/\/www.facebook.com\/bezpecnostnyporadca"]}]}},"_links":{"self":[{"href":"https:\/\/service.dgsa-group.com\/en\/wp-json\/wp\/v2\/pages\/1764"}],"collection":[{"href":"https:\/\/service.dgsa-group.com\/en\/wp-json\/wp\/v2\/pages"}],"about":[{"href":"https:\/\/service.dgsa-group.com\/en\/wp-json\/wp\/v2\/types\/page"}],"author":[{"embeddable":true,"href":"https:\/\/service.dgsa-group.com\/en\/wp-json\/wp\/v2\/users\/1"}],"replies":[{"embeddable":true,"href":"https:\/\/service.dgsa-group.com\/en\/wp-json\/wp\/v2\/comments?post=1764"}],"version-history":[{"count":0,"href":"https:\/\/service.dgsa-group.com\/en\/wp-json\/wp\/v2\/pages\/1764\/revisions"}],"wp:attachment":[{"href":"https:\/\/service.dgsa-group.com\/en\/wp-json\/wp\/v2\/media?parent=1764"}],"curies":[{"name":"wp","href":"https:\/\/api.w.org\/{rel}","templated":true}]}}