{"id":1749,"date":"2020-08-29T12:51:57","date_gmt":"2020-08-29T10:51:57","guid":{"rendered":"https:\/\/service.dgsa-group.com\/?page_id=1749"},"modified":"2023-03-30T15:07:24","modified_gmt":"2023-03-30T13:07:24","slug":"zachranne-vesty","status":"publish","type":"page","link":"https:\/\/service.dgsa-group.com\/en\/life-jackets\/","title":{"rendered":"Life jackets"},"content":{"rendered":"<section class=\"wpb-content-wrapper\"><p><\/p>\n<p>[vc_row][vc_column]<section class=\"shortcode-action-box table shortcode-action-bg block-style-widget\"><div class=\"text-big\"><h3>DGSA Consulting, Ltd. is the exclusive importer and authorized service center in Slovakia for SECUMAR life jackets manufactured by Bernhardt Apparatebau GmbH u. Co. Based in Holm.<\/h3>\n<p><strong>We are primarily focused on the sale and service of the life jackets for inland waterway vessels crew members, employees of shore facilities in ports and members of the fire brigade. Manufacturer also offers a\u00a0wide range of life jackets designed for sports or special purposes.<\/strong><\/p>\n<\/div><\/section>[\/vc_column][\/vc_row][vc_row][vc_column][vc_empty_space height=&#8221;30px&#8221;][vc_column_text]<\/p>\n<h2 style=\"text-align: center;\">SECUMAR life jackets<\/h2>\n<p>[\/vc_column_text][vc_empty_space height=&#8221;10px&#8221;]<div class=\"hr-thin style-dotted accent-border-color\" style=\"width: 100%;border-top-width: 1px;\"><\/div>[vc_empty_space height=&#8221;10px&#8221;][\/vc_column][\/vc_row][vc_row][vc_column width=&#8221;4\/5&#8243;][vc_column_text]<strong>For purposes of inland waterways are required life jackets with a\u00a0minimum displacement of 150 N. These life jackets are sufficient in that case the person wearing such a\u00a0life jacket is not dressed, for example in winter clothing or uses an accessory device attached to it (etc. breathing apparatus). For all season use for inland waterway vessels are suitable life jackets with displacement of 275 N, which taking into account the weight of the person and the weight of wet clothing.<\/strong><\/p>\n<p>In case of manipulation with dangerous goods, which according to ADN requires explosion protection are for crew members of tank vessels and employees of shore facilities required antistatic life jackets.<\/p>\n<p>For members of fire brigade are designed special life jackets, which are capable to use in high temperatures and with special equipment of firefighters.<\/p>\n<p>It will be our pleasure to advise you with the selection of suitable life jackets for your needs. The final price of life jackets depends on the number of pieces and cost of shipping. We will answer all Your questions via email: <a href=\"mailto:service@dgsa-group.com\">service@dgsa-group.com<\/a> or phone: +421\u00a0902\u00a0341 031.[\/vc_column_text][\/vc_column][vc_column width=&#8221;1\/5&#8243;][vc_single_image image=&#8221;1813&#8243; img_size=&#8221;175&#215;175&#8243; alignment=&#8221;center&#8221; onclick=&#8221;custom_link&#8221; img_link_target=&#8221;_blank&#8221; link=&#8221;https:\/\/www.secumar.com\/produkt-kategorie\/industrie-gewerbe\/produktgruppen-2\/aufblasbare-rettungswesten-produktgruppen-2\/&#8221;]<style type=\"text\/css\" data-type=\"the7_shortcodes-inline-css\">#default-btn-52a4f334882383a36f3c8ec90c40baa4.ico-right-side > i {\n  margin-right: 0px;\n  margin-left: 8px;\n}\n#default-btn-52a4f334882383a36f3c8ec90c40baa4 > i {\n  margin-right: 8px;\n}\n<\/style><div class=\"btn-align-center\"><a href=\"https:\/\/www.secumar.com\/produkt-kategorie\/industrie-gewerbe\/produktgruppen-2\/aufblasbare-rettungswesten-produktgruppen-2\/\" class=\"default-btn-shortcode dt-btn dt-btn-m link-hover-off \" target=\"_blank\" id=\"default-btn-52a4f334882383a36f3c8ec90c40baa4\" rel=\"noopener\"><span>Catalogue online<\/span><\/a><\/div>[\/vc_column][\/vc_row][vc_row][vc_column][vc_empty_space height=&#8221;20px&#8221;][vc_column_text]<\/p>\n<h2 style=\"text-align: center;\">Service<\/h2>\n<p>[\/vc_column_text]<div class=\"hr-thin style-dotted accent-border-color\" style=\"width: 100%;border-top-width: 1px;\"><\/div>[vc_empty_space height=&#8221;10px&#8221;][vc_column_text]<strong>Life jackets are subject of regular inspections by our authorized service center in the port of Bratislava. For life jackets approved according to EN 12\u00a0402, the inspection interval is set for every two years, for life jackets approved according to SOLAS, the inspection interval is set for once a\u00a0year.<\/strong><\/p>\n<p>Life jackets with positive inspection result are marked with a\u00a0stamp with date of the next inspection and at the same time our service center issues a\u00a0certificate of inspection in english language.<\/p>\n<p><strong>If You are interested in repairs or regular inspection of Your life jackets, please contact us via e-mail: <a href=\"mailto:service@dgsa-group.com\">service@dgsa-group.com<\/a>or phone: +421\u00a0902\u00a0341 031.<\/strong>[\/vc_column_text][\/vc_column][\/vc_row]<\/p>\n<p><\/p>\n<\/section>","protected":false},"excerpt":{"rendered":"<p>[vc_row][vc_column][\/vc_column][\/vc_row][vc_row][vc_column][vc_empty_space height=&#8221;30px&#8221;][vc_column_text] SECUMAR life jackets [\/vc_column_text][vc_empty_space height=&#8221;10px&#8221;][vc_empty_space height=&#8221;10px&#8221;][\/vc_column][\/vc_row][vc_row][vc_column width=&#8221;4\/5&#8243;][vc_column_text]For purposes of inland waterways are required life jackets with a\u00a0minimum displacement of 150 N. These life jackets are sufficient in that case the person wearing such a\u00a0life jacket is not dressed, for example in winter clothing or uses an accessory device attached to it (etc. breathing&hellip;<\/p>\n","protected":false},"author":1,"featured_media":0,"parent":0,"menu_order":0,"comment_status":"closed","ping_status":"closed","template":"","meta":[],"yoast_head":"<!-- This site is optimized with the Yoast SEO Premium plugin v18.3 (Yoast SEO v20.5) - https:\/\/yoast.com\/wordpress\/plugins\/seo\/ -->\n<title>DGSA Academy - \u0160kolenie ADR, RID, ADN, IMDG Code<\/title>\n<meta name=\"description\" content=\"\u0160kolenie os\u00f4b z\u00fa\u010dastnen\u00fdch na preprave nebezpe\u010dn\u00fdch vec\u00ed a tovaru cestnou (ADR), \u017eelezni\u010dnou (RID), vn\u00fatrozemskou vodnou (ADN) a n\u00e1mornou dopravou (IMDG)\" \/>\n<meta name=\"robots\" content=\"index, follow, max-snippet:-1, max-image-preview:large, max-video-preview:-1\" \/>\n<link rel=\"canonical\" href=\"https:\/\/service.dgsa-group.com\/zachranne-vesty\/\" \/>\n<meta property=\"og:locale\" content=\"en_US\" \/>\n<meta property=\"og:type\" content=\"article\" \/>\n<meta property=\"og:title\" content=\"[:sk]Z\u00e1chrann\u00e9 vesty[:en]Life jackets[:]\" \/>\n<meta property=\"og:description\" content=\"\u0160kolenie os\u00f4b z\u00fa\u010dastnen\u00fdch na preprave nebezpe\u010dn\u00fdch vec\u00ed a tovaru cestnou (ADR), \u017eelezni\u010dnou (RID), vn\u00fatrozemskou vodnou (ADN) a n\u00e1mornou dopravou (IMDG)\" \/>\n<meta property=\"og:url\" content=\"https:\/\/service.dgsa-group.com\/zachranne-vesty\/\" \/>\n<meta property=\"og:site_name\" content=\"DGSA Consulting\" \/>\n<meta property=\"article:publisher\" content=\"https:\/\/www.facebook.com\/bezpecnostnyporadca\" \/>\n<meta property=\"article:modified_time\" content=\"2023-03-30T13:07:24+00:00\" \/>\n<meta property=\"og:image\" content=\"https:\/\/service.dgsa-group.com\/wp-content\/uploads\/2020\/08\/dgsa-service-retina.png\" \/>\n\t<meta property=\"og:image:width\" content=\"678\" \/>\n\t<meta property=\"og:image:height\" content=\"184\" \/>\n\t<meta property=\"og:image:type\" content=\"image\/png\" \/>\n<meta name=\"twitter:label1\" content=\"Est. reading time\" \/>\n\t<meta name=\"twitter:data1\" content=\"6 minutes\" \/>\n<script type=\"application\/ld+json\" class=\"yoast-schema-graph\">{\"@context\":\"https:\/\/schema.org\",\"@graph\":[{\"@type\":\"WebPage\",\"@id\":\"https:\/\/service.dgsa-group.com\/zachranne-vesty\/\",\"url\":\"https:\/\/service.dgsa-group.com\/zachranne-vesty\/\",\"name\":\"DGSA Academy - \u0160kolenie ADR, RID, ADN, IMDG Code\",\"isPartOf\":{\"@id\":\"https:\/\/service.dgsa-group.com\/#website\"},\"datePublished\":\"2020-08-29T10:51:57+00:00\",\"dateModified\":\"2023-03-30T13:07:24+00:00\",\"description\":\"\u0160kolenie os\u00f4b z\u00fa\u010dastnen\u00fdch na preprave nebezpe\u010dn\u00fdch vec\u00ed a tovaru cestnou (ADR), \u017eelezni\u010dnou (RID), vn\u00fatrozemskou vodnou (ADN) a n\u00e1mornou dopravou (IMDG)\",\"breadcrumb\":{\"@id\":\"https:\/\/service.dgsa-group.com\/zachranne-vesty\/#breadcrumb\"},\"inLanguage\":\"en-US\",\"potentialAction\":[{\"@type\":\"ReadAction\",\"target\":[\"https:\/\/service.dgsa-group.com\/zachranne-vesty\/\"]}]},{\"@type\":\"BreadcrumbList\",\"@id\":\"https:\/\/service.dgsa-group.com\/zachranne-vesty\/#breadcrumb\",\"itemListElement\":[{\"@type\":\"ListItem\",\"position\":1,\"name\":\"Domovsk\u00e1 str\u00e1nka\",\"item\":\"https:\/\/service.dgsa-group.com\/\"},{\"@type\":\"ListItem\",\"position\":2,\"name\":\"Z\u00e1chrann\u00e9 vesty\"}]},{\"@type\":\"WebSite\",\"@id\":\"https:\/\/service.dgsa-group.com\/#website\",\"url\":\"https:\/\/service.dgsa-group.com\/\",\"name\":\"DGSA Service\",\"description\":\"DGSA Service | ADN vessel equipment, life jackets\",\"publisher\":{\"@id\":\"https:\/\/service.dgsa-group.com\/#organization\"},\"potentialAction\":[{\"@type\":\"SearchAction\",\"target\":{\"@type\":\"EntryPoint\",\"urlTemplate\":\"https:\/\/service.dgsa-group.com\/?s={search_term_string}\"},\"query-input\":\"required name=search_term_string\"}],\"inLanguage\":\"en-US\"},{\"@type\":\"Organization\",\"@id\":\"https:\/\/service.dgsa-group.com\/#organization\",\"name\":\"DGSA Service\",\"url\":\"https:\/\/service.dgsa-group.com\/\",\"logo\":{\"@type\":\"ImageObject\",\"inLanguage\":\"en-US\",\"@id\":\"https:\/\/service.dgsa-group.com\/#\/schema\/logo\/image\/\",\"url\":\"https:\/\/service.dgsa-group.com\/wp-content\/uploads\/2020\/08\/dgsa-service-normal.png\",\"contentUrl\":\"https:\/\/service.dgsa-group.com\/wp-content\/uploads\/2020\/08\/dgsa-service-normal.png\",\"width\":339,\"height\":92,\"caption\":\"DGSA Service\"},\"image\":{\"@id\":\"https:\/\/service.dgsa-group.com\/#\/schema\/logo\/image\/\"},\"sameAs\":[\"https:\/\/www.facebook.com\/bezpecnostnyporadca\"]}]}<\/script>\n<!-- \/ Yoast SEO Premium plugin. -->","yoast_head_json":{"title":"DGSA Academy - \u0160kolenie ADR, RID, ADN, IMDG Code","description":"\u0160kolenie os\u00f4b z\u00fa\u010dastnen\u00fdch na preprave nebezpe\u010dn\u00fdch vec\u00ed a tovaru cestnou (ADR), \u017eelezni\u010dnou (RID), vn\u00fatrozemskou vodnou (ADN) a n\u00e1mornou dopravou (IMDG)","robots":{"index":"index","follow":"follow","max-snippet":"max-snippet:-1","max-image-preview":"max-image-preview:large","max-video-preview":"max-video-preview:-1"},"canonical":"https:\/\/service.dgsa-group.com\/zachranne-vesty\/","og_locale":"en_US","og_type":"article","og_title":"[:sk]Z\u00e1chrann\u00e9 vesty[:en]Life jackets[:]","og_description":"\u0160kolenie os\u00f4b z\u00fa\u010dastnen\u00fdch na preprave nebezpe\u010dn\u00fdch vec\u00ed a tovaru cestnou (ADR), \u017eelezni\u010dnou (RID), vn\u00fatrozemskou vodnou (ADN) a n\u00e1mornou dopravou (IMDG)","og_url":"https:\/\/service.dgsa-group.com\/zachranne-vesty\/","og_site_name":"DGSA Consulting","article_publisher":"https:\/\/www.facebook.com\/bezpecnostnyporadca","article_modified_time":"2023-03-30T13:07:24+00:00","og_image":[{"width":678,"height":184,"url":"https:\/\/service.dgsa-group.com\/wp-content\/uploads\/2020\/08\/dgsa-service-retina.png","type":"image\/png"}],"twitter_misc":{"Est. reading time":"6 minutes"},"schema":{"@context":"https:\/\/schema.org","@graph":[{"@type":"WebPage","@id":"https:\/\/service.dgsa-group.com\/zachranne-vesty\/","url":"https:\/\/service.dgsa-group.com\/zachranne-vesty\/","name":"DGSA Academy - \u0160kolenie ADR, RID, ADN, IMDG Code","isPartOf":{"@id":"https:\/\/service.dgsa-group.com\/#website"},"datePublished":"2020-08-29T10:51:57+00:00","dateModified":"2023-03-30T13:07:24+00:00","description":"\u0160kolenie os\u00f4b z\u00fa\u010dastnen\u00fdch na preprave nebezpe\u010dn\u00fdch vec\u00ed a tovaru cestnou (ADR), \u017eelezni\u010dnou (RID), vn\u00fatrozemskou vodnou (ADN) a n\u00e1mornou dopravou (IMDG)","breadcrumb":{"@id":"https:\/\/service.dgsa-group.com\/zachranne-vesty\/#breadcrumb"},"inLanguage":"en-US","potentialAction":[{"@type":"ReadAction","target":["https:\/\/service.dgsa-group.com\/zachranne-vesty\/"]}]},{"@type":"BreadcrumbList","@id":"https:\/\/service.dgsa-group.com\/zachranne-vesty\/#breadcrumb","itemListElement":[{"@type":"ListItem","position":1,"name":"Domovsk\u00e1 str\u00e1nka","item":"https:\/\/service.dgsa-group.com\/"},{"@type":"ListItem","position":2,"name":"Z\u00e1chrann\u00e9 vesty"}]},{"@type":"WebSite","@id":"https:\/\/service.dgsa-group.com\/#website","url":"https:\/\/service.dgsa-group.com\/","name":"DGSA Service","description":"DGSA Service | ADN vessel equipment, life jackets","publisher":{"@id":"https:\/\/service.dgsa-group.com\/#organization"},"potentialAction":[{"@type":"SearchAction","target":{"@type":"EntryPoint","urlTemplate":"https:\/\/service.dgsa-group.com\/?s={search_term_string}"},"query-input":"required name=search_term_string"}],"inLanguage":"en-US"},{"@type":"Organization","@id":"https:\/\/service.dgsa-group.com\/#organization","name":"DGSA Service","url":"https:\/\/service.dgsa-group.com\/","logo":{"@type":"ImageObject","inLanguage":"en-US","@id":"https:\/\/service.dgsa-group.com\/#\/schema\/logo\/image\/","url":"https:\/\/service.dgsa-group.com\/wp-content\/uploads\/2020\/08\/dgsa-service-normal.png","contentUrl":"https:\/\/service.dgsa-group.com\/wp-content\/uploads\/2020\/08\/dgsa-service-normal.png","width":339,"height":92,"caption":"DGSA Service"},"image":{"@id":"https:\/\/service.dgsa-group.com\/#\/schema\/logo\/image\/"},"sameAs":["https:\/\/www.facebook.com\/bezpecnostnyporadca"]}]}},"_links":{"self":[{"href":"https:\/\/service.dgsa-group.com\/en\/wp-json\/wp\/v2\/pages\/1749"}],"collection":[{"href":"https:\/\/service.dgsa-group.com\/en\/wp-json\/wp\/v2\/pages"}],"about":[{"href":"https:\/\/service.dgsa-group.com\/en\/wp-json\/wp\/v2\/types\/page"}],"author":[{"embeddable":true,"href":"https:\/\/service.dgsa-group.com\/en\/wp-json\/wp\/v2\/users\/1"}],"replies":[{"embeddable":true,"href":"https:\/\/service.dgsa-group.com\/en\/wp-json\/wp\/v2\/comments?post=1749"}],"version-history":[{"count":0,"href":"https:\/\/service.dgsa-group.com\/en\/wp-json\/wp\/v2\/pages\/1749\/revisions"}],"wp:attachment":[{"href":"https:\/\/service.dgsa-group.com\/en\/wp-json\/wp\/v2\/media?parent=1749"}],"curies":[{"name":"wp","href":"https:\/\/api.w.org\/{rel}","templated":true}]}}